{"id":295,"date":"2021-11-07T08:56:13","date_gmt":"2021-11-07T08:56:13","guid":{"rendered":"https:\/\/fooslandmasters.pl\/?page_id=295"},"modified":"2025-11-30T16:38:54","modified_gmt":"2025-11-30T15:38:54","slug":"futbol-stolowy","status":"publish","type":"page","link":"https:\/\/fooslandmasters.pl\/en\/futbol-stolowy\/","title":{"rendered":"TABLE FOOTBALL"},"content":{"rendered":"<div data-elementor-type=\"wp-page\" data-elementor-id=\"295\" class=\"elementor elementor-295\">\n\t\t\t\t\t\t<section class=\"elementor-section elementor-top-section elementor-element elementor-element-09ff93d elementor-section-boxed elementor-section-height-default elementor-section-height-default\" data-id=\"09ff93d\" data-element_type=\"section\" data-e-type=\"section\">\n\t\t\t\t\t\t<div class=\"elementor-container elementor-column-gap-default\">\n\t\t\t\t\t<div class=\"elementor-column elementor-col-33 elementor-top-column elementor-element elementor-element-0a3b7c2\" data-id=\"0a3b7c2\" data-element_type=\"column\" data-e-type=\"column\">\n\t\t\t<div class=\"elementor-widget-wrap elementor-element-populated\">\n\t\t\t\t\t\t<div class=\"elementor-element elementor-element-5bd11c3 elementor-widget__width-inherit elementor-widget elementor-widget-image\" data-id=\"5bd11c3\" data-element_type=\"widget\" data-e-type=\"widget\" data-widget_type=\"image.default\">\n\t\t\t\t<div class=\"elementor-widget-container\">\n\t\t\t\t\t\t\t\t\t\t\t\t\t\t\t<img fetchpriority=\"high\" decoding=\"async\" width=\"640\" height=\"426\" src=\"https:\/\/fooslandmasters.pl\/wp-content\/uploads\/2021\/11\/foosball-table-g28dd56e92_640.jpg\" class=\"attachment-full size-full wp-image-299\" alt=\"Puchar So\u0142tysa w futbolu sto\u0142owym\" srcset=\"https:\/\/fooslandmasters.pl\/wp-content\/uploads\/2021\/11\/foosball-table-g28dd56e92_640.jpg 640w, https:\/\/fooslandmasters.pl\/wp-content\/uploads\/2021\/11\/foosball-table-g28dd56e92_640-300x200.jpg 300w\" sizes=\"(max-width: 640px) 100vw, 640px\" title=\"Foosland Masters (Puchar So\u0142tysa)\">\t\t\t\t\t\t\t\t\t\t\t\t\t\t\t<\/div>\n\t\t\t\t<\/div>\n\t\t\t\t<div class=\"elementor-element elementor-element-822e8f5 elementor-widget__width-inherit elementor-widget elementor-widget-image\" data-id=\"822e8f5\" data-element_type=\"widget\" data-e-type=\"widget\" data-widget_type=\"image.default\">\n\t\t\t\t<div class=\"elementor-widget-container\">\n\t\t\t\t\t\t\t\t\t\t\t\t\t\t\t<img decoding=\"async\" width=\"640\" height=\"427\" src=\"https:\/\/fooslandmasters.pl\/wp-content\/uploads\/2021\/11\/tischfuball-g88b9fbdaa_640.jpg\" class=\"attachment-full size-full wp-image-300\" alt=\"Puchar So\u0142tysa w futbolu sto\u0142owym\" srcset=\"https:\/\/fooslandmasters.pl\/wp-content\/uploads\/2021\/11\/tischfuball-g88b9fbdaa_640.jpg 640w, https:\/\/fooslandmasters.pl\/wp-content\/uploads\/2021\/11\/tischfuball-g88b9fbdaa_640-300x200.jpg 300w\" sizes=\"(max-width: 640px) 100vw, 640px\" title=\"Foosland Masters (Puchar So\u0142tysa)\">\t\t\t\t\t\t\t\t\t\t\t\t\t\t\t<\/div>\n\t\t\t\t<\/div>\n\t\t\t\t\t<\/div>\n\t\t<\/div>\n\t\t\t\t<div class=\"elementor-column elementor-col-66 elementor-top-column elementor-element elementor-element-257c3cb\" data-id=\"257c3cb\" data-element_type=\"column\" data-e-type=\"column\">\n\t\t\t<div class=\"elementor-widget-wrap elementor-element-populated\">\n\t\t\t\t\t\t<div class=\"elementor-element elementor-element-adcd443 elementor-widget elementor-widget-heading\" data-id=\"adcd443\" data-element_type=\"widget\" data-e-type=\"widget\" data-widget_type=\"heading.default\">\n\t\t\t\t<div class=\"elementor-widget-container\">\n\t\t\t\t\t<h2 class=\"elementor-heading-title elementor-size-default\">Table football<\/h2>\t\t\t\t<\/div>\n\t\t\t\t<\/div>\n\t\t\t\t<div class=\"elementor-element elementor-element-d406409 elementor-widget elementor-widget-text-editor\" data-id=\"d406409\" data-element_type=\"widget\" data-e-type=\"widget\" data-widget_type=\"text-editor.default\">\n\t\t\t\t<div class=\"elementor-widget-container\">\n\t\t\t\t\t\t\t\t\t<p>Foosball, table football, table football, trambambula - a 2- or 4-person game that imitates a real football match.\u00a0<\/p>\t\t\t\t\t\t\t\t<\/div>\n\t\t\t\t<\/div>\n\t\t\t\t<div class=\"elementor-element elementor-element-63bb7e1 elementor-widget elementor-widget-heading\" data-id=\"63bb7e1\" data-element_type=\"widget\" data-e-type=\"widget\" data-widget_type=\"heading.default\">\n\t\t\t\t<div class=\"elementor-widget-container\">\n\t\t\t\t\t<h2 class=\"elementor-heading-title elementor-size-default\">History<\/h2>\t\t\t\t<\/div>\n\t\t\t\t<\/div>\n\t\t\t\t<div class=\"elementor-element elementor-element-07f5022 elementor-widget elementor-widget-text-editor\" data-id=\"07f5022\" data-element_type=\"widget\" data-e-type=\"widget\" data-widget_type=\"text-editor.default\">\n\t\t\t\t<div class=\"elementor-widget-container\">\n\t\t\t\t\t\t\t\t\t<p>The inventor of the game is considered to be the Frenchman Lucien Rosengart (1881-1976), who built the first foosball table (in Europe). Based on this idea, the Swiss company 'Kicker', based in Geneva, created a model of the foosball table. These tables became so popular in Switzerland, Germany and Belgium that the word 'Kicker' became synonymous with table football. The first patent for a table football table is attributed to Alejandro Finisterre (1919-2007) in 1937.<\/p>\t\t\t\t\t\t\t\t<\/div>\n\t\t\t\t<\/div>\n\t\t\t\t<div class=\"elementor-element elementor-element-f9537dd elementor-widget elementor-widget-heading\" data-id=\"f9537dd\" data-element_type=\"widget\" data-e-type=\"widget\" data-widget_type=\"heading.default\">\n\t\t\t\t<div class=\"elementor-widget-container\">\n\t\t\t\t\t<h2 class=\"elementor-heading-title elementor-size-default\">Organisation<\/h2>\t\t\t\t<\/div>\n\t\t\t\t<\/div>\n\t\t\t\t<div class=\"elementor-element elementor-element-d106b67 elementor-widget elementor-widget-text-editor\" data-id=\"d106b67\" data-element_type=\"widget\" data-e-type=\"widget\" data-widget_type=\"text-editor.default\">\n\t\t\t\t<div class=\"elementor-widget-container\">\n\t\t\t\t\t\t\t\t\t<p>In 2002, the ITSF (International Table Soccer Federation) was founded. This organisation has the following objectives: to promote table football as a sport, to regulate the rules of sporting competition (regulations and competition rules) and to seek the inclusion of table football in the IOC list.<\/p><p><span style=\"font-family: var( --e-global-typography-text-font-family ), Sans-serif; font-weight: var( --e-global-typography-text-font-weight );\">In 2009, the Polish Table Football Federation was founded. As an association of associations, the PZFS is involved in the development and popularisation of table football as a sport in Poland and is trying to get table football included in the list of sports of the Ministry of Sport and Tourism.<\/span><\/p>\t\t\t\t\t\t\t\t<\/div>\n\t\t\t\t<\/div>\n\t\t\t\t<div class=\"elementor-element elementor-element-fd43a3e elementor-widget elementor-widget-heading\" data-id=\"fd43a3e\" data-element_type=\"widget\" data-e-type=\"widget\" data-widget_type=\"heading.default\">\n\t\t\t\t<div class=\"elementor-widget-container\">\n\t\t\t\t\t<h2 class=\"elementor-heading-title elementor-size-default\">Official ITSF Rules<\/h2>\t\t\t\t<\/div>\n\t\t\t\t<\/div>\n\t\t\t\t<div class=\"elementor-element elementor-element-6fbf194 elementor-widget elementor-widget-text-editor\" data-id=\"6fbf194\" data-element_type=\"widget\" data-e-type=\"widget\" data-widget_type=\"text-editor.default\">\n\t\t\t\t<div class=\"elementor-widget-container\">\n\t\t\t\t\t\t\t\t\t<p>The rules are available on the official PZFS website:\u00a0 <a href=\"https:\/\/pzfs.eu\/przepisy\" target=\"_blank\" rel=\"noopener\"><strong>https:\/\/pzfs.eu\/przepisy<\/strong><\/a><\/p>\t\t\t\t\t\t\t\t<\/div>\n\t\t\t\t<\/div>\n\t\t\t\t\t<\/div>\n\t\t<\/div>\n\t\t\t\t\t<\/div>\n\t\t<\/section>\n\t\t\t\t<section class=\"elementor-section elementor-top-section elementor-element elementor-element-93f1b26 elementor-section-boxed elementor-section-height-default elementor-section-height-default\" data-id=\"93f1b26\" data-element_type=\"section\" data-e-type=\"section\">\n\t\t\t\t\t\t<div class=\"elementor-container elementor-column-gap-default\">\n\t\t\t\t\t<div class=\"elementor-column elementor-col-100 elementor-top-column elementor-element elementor-element-17ea73f\" data-id=\"17ea73f\" data-element_type=\"column\" data-e-type=\"column\">\n\t\t\t<div class=\"elementor-widget-wrap\">\n\t\t\t\t\t\t\t<\/div>\n\t\t<\/div>\n\t\t\t\t\t<\/div>\n\t\t<\/section>\n\t\t\t\t<\/div>","protected":false},"excerpt":{"rendered":"<p>Futbol sto\u0142owy Pi\u0142karzyki, futbol sto\u0142owy, pi\u0142ka sto\u0142owa, trambambula &#8211;\u00a0 gra 2- lub 4-osobowa, imituj\u0105ca prawdziwy mecz pi\u0142ki no\u017cnej.\u00a0 Historia Za wynalazc\u0119 gry uwa\u017ca si\u0119 Francuza Luciena Rosengarta (1881\u20131976), kt\u00f3ry zbudowa\u0142 pierwszy st\u00f3\u0142 pi\u0142karzykowy (w Europie). W oparciu o ten pomys\u0142 szwajcarska firma \u201eKicker\u201d z siedzib\u0105 w Genewie stworzy\u0142a model stolika do gry w pi\u0142karzyki. Sto\u0142y [&hellip;]<\/p>\n","protected":false},"author":1,"featured_media":0,"parent":0,"menu_order":0,"comment_status":"closed","ping_status":"closed","template":"","meta":{"site-sidebar-layout":"default","site-content-layout":"","ast-site-content-layout":"default","site-content-style":"default","site-sidebar-style":"default","ast-global-header-display":"","ast-banner-title-visibility":"","ast-main-header-display":"","ast-hfb-above-header-display":"","ast-hfb-below-header-display":"","ast-hfb-mobile-header-display":"","site-post-title":"","ast-breadcrumbs-content":"","ast-featured-img":"","footer-sml-layout":"","theme-transparent-header-meta":"","adv-header-id-meta":"","stick-header-meta":"","header-above-stick-meta":"","header-main-stick-meta":"","header-below-stick-meta":"","astra-migrate-meta-layouts":"default","ast-page-background-enabled":"default","ast-page-background-meta":{"desktop":{"background-color":"var(--ast-global-color-4)","background-image":"","background-repeat":"repeat","background-position":"center center","background-size":"auto","background-attachment":"scroll","background-type":"","background-media":"","overlay-type":"","overlay-color":"","overlay-opacity":"","overlay-gradient":""},"tablet":{"background-color":"","background-image":"","background-repeat":"repeat","background-position":"center center","background-size":"auto","background-attachment":"scroll","background-type":"","background-media":"","overlay-type":"","overlay-color":"","overlay-opacity":"","overlay-gradient":""},"mobile":{"background-color":"","background-image":"","background-repeat":"repeat","background-position":"center center","background-size":"auto","background-attachment":"scroll","background-type":"","background-media":"","overlay-type":"","overlay-color":"","overlay-opacity":"","overlay-gradient":""}},"ast-content-background-meta":{"desktop":{"background-color":"var(--ast-global-color-5)","background-image":"","background-repeat":"repeat","background-position":"center center","background-size":"auto","background-attachment":"scroll","background-type":"","background-media":"","overlay-type":"","overlay-color":"","overlay-opacity":"","overlay-gradient":""},"tablet":{"background-color":"var(--ast-global-color-5)","background-image":"","background-repeat":"repeat","background-position":"center center","background-size":"auto","background-attachment":"scroll","background-type":"","background-media":"","overlay-type":"","overlay-color":"","overlay-opacity":"","overlay-gradient":""},"mobile":{"background-color":"var(--ast-global-color-5)","background-image":"","background-repeat":"repeat","background-position":"center center","background-size":"auto","background-attachment":"scroll","background-type":"","background-media":"","overlay-type":"","overlay-color":"","overlay-opacity":"","overlay-gradient":""}},"footnotes":""},"class_list":["post-295","page","type-page","status-publish","hentry"],"_links":{"self":[{"href":"https:\/\/fooslandmasters.pl\/en\/wp-json\/wp\/v2\/pages\/295","targetHints":{"allow":["GET"]}}],"collection":[{"href":"https:\/\/fooslandmasters.pl\/en\/wp-json\/wp\/v2\/pages"}],"about":[{"href":"https:\/\/fooslandmasters.pl\/en\/wp-json\/wp\/v2\/types\/page"}],"author":[{"embeddable":true,"href":"https:\/\/fooslandmasters.pl\/en\/wp-json\/wp\/v2\/users\/1"}],"replies":[{"embeddable":true,"href":"https:\/\/fooslandmasters.pl\/en\/wp-json\/wp\/v2\/comments?post=295"}],"version-history":[{"count":40,"href":"https:\/\/fooslandmasters.pl\/en\/wp-json\/wp\/v2\/pages\/295\/revisions"}],"predecessor-version":[{"id":8658,"href":"https:\/\/fooslandmasters.pl\/en\/wp-json\/wp\/v2\/pages\/295\/revisions\/8658"}],"wp:attachment":[{"href":"https:\/\/fooslandmasters.pl\/en\/wp-json\/wp\/v2\/media?parent=295"}],"curies":[{"name":"wp","href":"https:\/\/api.w.org\/{rel}","templated":true}]}}